{"id":24,"date":"2026-04-11T18:22:25","date_gmt":"2026-04-11T17:22:25","guid":{"rendered":"https:\/\/certart.eu\/?page_id=24"},"modified":"2026-04-11T19:56:59","modified_gmt":"2026-04-11T18:56:59","slug":"gosia-sikora","status":"publish","type":"page","link":"https:\/\/certart.eu\/index.php\/gosia-sikora\/","title":{"rendered":"Gosia Sikora"},"content":{"rendered":"\r\n<p>O Arty\u015bcie:<\/p>\r\n<p>Seria &#8222;Niecodzienno\u015b\u0107&#8221;:<\/p>\r\n\r\nngg_shortcode_0_placeholder\r\n<p>Seria &#8222;Nim Zga\u015bnie S\u0142o\u0144ce&#8221;:<\/p>\r\n<p><!-- \/wp:post-content --><\/p>\r\nngg_shortcode_1_placeholder\r\n<p>&nbsp;<\/p>\r\n<p>Strona Digigraphie: <a href=\"https:\/\/www.digigraphie.com\/en\/profile\/6364\">www.digigraphie.com\/en\/profile\/6364<\/a><\/p>","protected":false},"excerpt":{"rendered":"<p>O Arty\u015bcie: Seria &#8222;Niecodzienno\u015b\u0107&#8221;: Seria &#8222;Nim Zga\u015bnie S\u0142o\u0144ce&#8221;: &nbsp; Strona Digigraphie: www.digigraphie.com\/en\/profile\/6364<\/p>\n","protected":false},"author":1,"featured_media":0,"parent":0,"menu_order":0,"comment_status":"closed","ping_status":"closed","template":"","meta":{"ngg_post_thumbnail":0,"footnotes":""},"class_list":["post-24","page","type-page","status-publish","hentry"],"_links":{"self":[{"href":"https:\/\/certart.eu\/index.php\/wp-json\/wp\/v2\/pages\/24","targetHints":{"allow":["GET"]}}],"collection":[{"href":"https:\/\/certart.eu\/index.php\/wp-json\/wp\/v2\/pages"}],"about":[{"href":"https:\/\/certart.eu\/index.php\/wp-json\/wp\/v2\/types\/page"}],"author":[{"embeddable":true,"href":"https:\/\/certart.eu\/index.php\/wp-json\/wp\/v2\/users\/1"}],"replies":[{"embeddable":true,"href":"https:\/\/certart.eu\/index.php\/wp-json\/wp\/v2\/comments?post=24"}],"version-history":[{"count":6,"href":"https:\/\/certart.eu\/index.php\/wp-json\/wp\/v2\/pages\/24\/revisions"}],"predecessor-version":[{"id":192,"href":"https:\/\/certart.eu\/index.php\/wp-json\/wp\/v2\/pages\/24\/revisions\/192"}],"wp:attachment":[{"href":"https:\/\/certart.eu\/index.php\/wp-json\/wp\/v2\/media?parent=24"}],"curies":[{"name":"wp","href":"https:\/\/api.w.org\/{rel}","templated":true}]}}